{"id":410,"date":"2022-10-10T18:49:35","date_gmt":"2022-10-10T16:49:35","guid":{"rendered":"https:\/\/www.50eme-reine-astrid.be\/mayari\/?page_id=410"},"modified":"2023-02-11T16:27:08","modified_gmt":"2023-02-11T15:27:08","slug":"staff-2022-2023","status":"publish","type":"page","link":"https:\/\/www.50eme-reine-astrid.be\/mayari\/staffs\/staff-2022-2023\/","title":{"rendered":"Staff 2022-2023"},"content":{"rendered":"\n<figure class=\"wp-block-table aligncenter\"><table><tbody><tr><td><img loading=\"lazy\" decoding=\"async\" width=\"1200\" height=\"1600\" class=\"wp-image-440\" style=\"width: 150px\" src=\"https:\/\/www.50eme-reine-astrid.be\/mayari\/wp-content\/uploads\/sites\/12\/sander.jpeg\" alt=\"\" srcset=\"https:\/\/www.50eme-reine-astrid.be\/mayari\/wp-content\/uploads\/sites\/12\/sander.jpeg 1200w, https:\/\/www.50eme-reine-astrid.be\/mayari\/wp-content\/uploads\/sites\/12\/sander-225x300.jpeg 225w, https:\/\/www.50eme-reine-astrid.be\/mayari\/wp-content\/uploads\/sites\/12\/sander-768x1024.jpeg 768w, https:\/\/www.50eme-reine-astrid.be\/mayari\/wp-content\/uploads\/sites\/12\/sander-1152x1536.jpeg 1152w, https:\/\/www.50eme-reine-astrid.be\/mayari\/wp-content\/uploads\/sites\/12\/sander-45x60.jpeg 45w\" sizes=\"auto, (max-width: 1200px) 100vw, 1200px\" \/><br><strong>Sanderling Bakari Bassari<\/strong><br>Charline Alsteens<br>Grande Cheffe<br>Site internet<\/td><td><img loading=\"lazy\" decoding=\"async\" width=\"1200\" height=\"1600\" class=\"wp-image-429\" style=\"width: 150px\" src=\"https:\/\/www.50eme-reine-astrid.be\/mayari\/wp-content\/uploads\/sites\/12\/WhatsApp-Image-2023-02-11-at-15.23.53.jpeg\" alt=\"\" srcset=\"https:\/\/www.50eme-reine-astrid.be\/mayari\/wp-content\/uploads\/sites\/12\/WhatsApp-Image-2023-02-11-at-15.23.53.jpeg 1200w, https:\/\/www.50eme-reine-astrid.be\/mayari\/wp-content\/uploads\/sites\/12\/WhatsApp-Image-2023-02-11-at-15.23.53-225x300.jpeg 225w, https:\/\/www.50eme-reine-astrid.be\/mayari\/wp-content\/uploads\/sites\/12\/WhatsApp-Image-2023-02-11-at-15.23.53-768x1024.jpeg 768w, https:\/\/www.50eme-reine-astrid.be\/mayari\/wp-content\/uploads\/sites\/12\/WhatsApp-Image-2023-02-11-at-15.23.53-1152x1536.jpeg 1152w, https:\/\/www.50eme-reine-astrid.be\/mayari\/wp-content\/uploads\/sites\/12\/WhatsApp-Image-2023-02-11-at-15.23.53-45x60.jpeg 45w\" sizes=\"auto, (max-width: 1200px) 100vw, 1200px\" \/><br><strong>Haflinger Centaur\u00e9e<\/strong><br>Ysaline Dupriez<br>Tr\u00e9sori\u00e8re<br>Photo<\/td><\/tr><tr><td><img loading=\"lazy\" decoding=\"async\" width=\"1200\" height=\"1600\" class=\"wp-image-433\" style=\"width: 150px\" src=\"https:\/\/www.50eme-reine-astrid.be\/mayari\/wp-content\/uploads\/sites\/12\/WhatsApp-Image-2023-02-11-at-15.23.43.jpeg\" alt=\"\" srcset=\"https:\/\/www.50eme-reine-astrid.be\/mayari\/wp-content\/uploads\/sites\/12\/WhatsApp-Image-2023-02-11-at-15.23.43.jpeg 1200w, https:\/\/www.50eme-reine-astrid.be\/mayari\/wp-content\/uploads\/sites\/12\/WhatsApp-Image-2023-02-11-at-15.23.43-225x300.jpeg 225w, https:\/\/www.50eme-reine-astrid.be\/mayari\/wp-content\/uploads\/sites\/12\/WhatsApp-Image-2023-02-11-at-15.23.43-768x1024.jpeg 768w, https:\/\/www.50eme-reine-astrid.be\/mayari\/wp-content\/uploads\/sites\/12\/WhatsApp-Image-2023-02-11-at-15.23.43-1152x1536.jpeg 1152w, https:\/\/www.50eme-reine-astrid.be\/mayari\/wp-content\/uploads\/sites\/12\/WhatsApp-Image-2023-02-11-at-15.23.43-45x60.jpeg 45w\" sizes=\"auto, (max-width: 1200px) 100vw, 1200px\" \/><br><strong>Indri Y&rsquo;a D&rsquo;la joie<\/strong><br>Natacha Goux<br>Responsable mail + absence<\/td><td><img loading=\"lazy\" decoding=\"async\" width=\"1200\" height=\"1600\" class=\"wp-image-434\" style=\"width: 150px\" src=\"https:\/\/www.50eme-reine-astrid.be\/mayari\/wp-content\/uploads\/sites\/12\/WhatsApp-Image-2023-02-11-at-15.23.41.jpeg\" alt=\"\" srcset=\"https:\/\/www.50eme-reine-astrid.be\/mayari\/wp-content\/uploads\/sites\/12\/WhatsApp-Image-2023-02-11-at-15.23.41.jpeg 1200w, https:\/\/www.50eme-reine-astrid.be\/mayari\/wp-content\/uploads\/sites\/12\/WhatsApp-Image-2023-02-11-at-15.23.41-225x300.jpeg 225w, https:\/\/www.50eme-reine-astrid.be\/mayari\/wp-content\/uploads\/sites\/12\/WhatsApp-Image-2023-02-11-at-15.23.41-768x1024.jpeg 768w, https:\/\/www.50eme-reine-astrid.be\/mayari\/wp-content\/uploads\/sites\/12\/WhatsApp-Image-2023-02-11-at-15.23.41-1152x1536.jpeg 1152w, https:\/\/www.50eme-reine-astrid.be\/mayari\/wp-content\/uploads\/sites\/12\/WhatsApp-Image-2023-02-11-at-15.23.41-45x60.jpeg 45w\" sizes=\"auto, (max-width: 1200px) 100vw, 1200px\" \/><br><strong>Aonyx Id\u00e9fix<\/strong><br>H\u00e9l\u00e8ne Detollenaere<br>Responsable Z\u00e9ro d\u00e9chet<br>Responsable matos<\/td><\/tr><tr><td><img loading=\"lazy\" decoding=\"async\" width=\"1200\" height=\"1600\" class=\"wp-image-431\" style=\"width: 150px\" src=\"https:\/\/www.50eme-reine-astrid.be\/mayari\/wp-content\/uploads\/sites\/12\/WhatsApp-Image-2023-02-11-at-15.23.51.jpeg\" alt=\"\" srcset=\"https:\/\/www.50eme-reine-astrid.be\/mayari\/wp-content\/uploads\/sites\/12\/WhatsApp-Image-2023-02-11-at-15.23.51.jpeg 1200w, https:\/\/www.50eme-reine-astrid.be\/mayari\/wp-content\/uploads\/sites\/12\/WhatsApp-Image-2023-02-11-at-15.23.51-225x300.jpeg 225w, https:\/\/www.50eme-reine-astrid.be\/mayari\/wp-content\/uploads\/sites\/12\/WhatsApp-Image-2023-02-11-at-15.23.51-768x1024.jpeg 768w, https:\/\/www.50eme-reine-astrid.be\/mayari\/wp-content\/uploads\/sites\/12\/WhatsApp-Image-2023-02-11-at-15.23.51-1152x1536.jpeg 1152w, https:\/\/www.50eme-reine-astrid.be\/mayari\/wp-content\/uploads\/sites\/12\/WhatsApp-Image-2023-02-11-at-15.23.51-45x60.jpeg 45w\" sizes=\"auto, (max-width: 1200px) 100vw, 1200px\" \/><br><strong>Gwaga Woody<\/strong><br>Soledhie Simon<br>Responsable pharmacie<\/td><td><\/td><\/tr><\/tbody><\/table><\/figure>\n","protected":false},"excerpt":{"rendered":"<p>Sanderling Bakari BassariCharline AlsteensGrande CheffeSite internet Haflinger Centaur\u00e9eYsaline DupriezTr\u00e9sori\u00e8rePhoto Indri Y&rsquo;a D&rsquo;la joieNatacha GouxResponsable mail + absence Aonyx Id\u00e9fixH\u00e9l\u00e8ne DetollenaereResponsable Z\u00e9ro d\u00e9chetResponsable matos Gwaga WoodySoledhie SimonResponsable pharmacie<\/p>\n","protected":false},"author":11,"featured_media":0,"parent":8,"menu_order":1,"comment_status":"closed","ping_status":"closed","template":"","meta":{"_exactmetrics_skip_tracking":false,"_exactmetrics_sitenote_active":false,"_exactmetrics_sitenote_note":"","_exactmetrics_sitenote_category":0,"footnotes":""},"class_list":["post-410","page","type-page","status-publish","hentry"],"_links":{"self":[{"href":"https:\/\/www.50eme-reine-astrid.be\/mayari\/wp-json\/wp\/v2\/pages\/410","targetHints":{"allow":["GET"]}}],"collection":[{"href":"https:\/\/www.50eme-reine-astrid.be\/mayari\/wp-json\/wp\/v2\/pages"}],"about":[{"href":"https:\/\/www.50eme-reine-astrid.be\/mayari\/wp-json\/wp\/v2\/types\/page"}],"author":[{"embeddable":true,"href":"https:\/\/www.50eme-reine-astrid.be\/mayari\/wp-json\/wp\/v2\/users\/11"}],"replies":[{"embeddable":true,"href":"https:\/\/www.50eme-reine-astrid.be\/mayari\/wp-json\/wp\/v2\/comments?post=410"}],"version-history":[{"count":4,"href":"https:\/\/www.50eme-reine-astrid.be\/mayari\/wp-json\/wp\/v2\/pages\/410\/revisions"}],"predecessor-version":[{"id":441,"href":"https:\/\/www.50eme-reine-astrid.be\/mayari\/wp-json\/wp\/v2\/pages\/410\/revisions\/441"}],"up":[{"embeddable":true,"href":"https:\/\/www.50eme-reine-astrid.be\/mayari\/wp-json\/wp\/v2\/pages\/8"}],"wp:attachment":[{"href":"https:\/\/www.50eme-reine-astrid.be\/mayari\/wp-json\/wp\/v2\/media?parent=410"}],"curies":[{"name":"wp","href":"https:\/\/api.w.org\/{rel}","templated":true}]}}