{"id":732,"date":"2015-12-15T15:49:44","date_gmt":"2015-12-15T13:49:44","guid":{"rendered":"http:\/\/www.50eme-reine-astrid.be\/cassiopee\/?page_id=732"},"modified":"2025-09-02T17:46:48","modified_gmt":"2025-09-02T16:46:48","slug":"inscription","status":"publish","type":"page","link":"https:\/\/www.50eme-reine-astrid.be\/cassiopee\/inscription\/","title":{"rendered":"Inscription"},"content":{"rendered":"<p>Pour inscrire ou poser des questions sur l&rsquo;inscription de votre enfant chez les Guides, veuillez prendre contact par mail ou t\u00e9l\u00e9phone avec la responsable de la section. Elle pourra vous donner toutes les informations n\u00e9cessaires par rapport \u00e0 la section, au projet ainsi qu&rsquo;aux diff\u00e9rentes activit\u00e9s. Ensuite elle vous enverra le formulaire d&rsquo;inscription d\u00e9finitive pour votre enfant.<\/p>\n<ul>\n<li>Guides (12-17ans) :<\/li>\n<\/ul>\n<p><em>Responsable : Acanthiza\/ Ma\u00efoun de Rosen<\/em><em>\u00a0(<span class=\"_5yl5\">+32 472 21 86 96<\/span>)<br \/>\nE-mail : <a href=\"mailto:cassiopee@50eme-reine-astrid.be\">cassiopee@50eme-reine-astrid.be<\/a><\/em><\/p>\n<p>Vous pouvez \u00e9galement retrouver la proc\u00e9dure compl\u00e8te et d\u00e9taill\u00e9e d&rsquo;inscription dans l&rsquo;unit\u00e9 sur la page suivante : <a href=\"http:\/\/www.50eme-reine-astrid.be\/inscription\/\">http:\/\/www.50eme-reine-astrid.be\/inscription\/<\/a><\/p>\n","protected":false},"excerpt":{"rendered":"<p>Pour inscrire ou poser des questions sur l&rsquo;inscription de votre enfant chez les Guides, veuillez prendre contact par mail ou t\u00e9l\u00e9phone avec la responsable de la section. Elle pourra vous donner toutes les informations n\u00e9cessaires par rapport \u00e0 la section, au projet ainsi qu&rsquo;aux diff\u00e9rentes activit\u00e9s. Ensuite elle vous enverra le formulaire d&rsquo;inscription d\u00e9finitive pour &hellip; <\/p>\n","protected":false},"author":1,"featured_media":0,"parent":0,"menu_order":0,"comment_status":"closed","ping_status":"closed","template":"","meta":{"_exactmetrics_skip_tracking":false,"_exactmetrics_sitenote_active":false,"_exactmetrics_sitenote_note":"","_exactmetrics_sitenote_category":0,"footnotes":""},"class_list":["post-732","page","type-page","status-publish","hentry"],"_links":{"self":[{"href":"https:\/\/www.50eme-reine-astrid.be\/cassiopee\/wp-json\/wp\/v2\/pages\/732","targetHints":{"allow":["GET"]}}],"collection":[{"href":"https:\/\/www.50eme-reine-astrid.be\/cassiopee\/wp-json\/wp\/v2\/pages"}],"about":[{"href":"https:\/\/www.50eme-reine-astrid.be\/cassiopee\/wp-json\/wp\/v2\/types\/page"}],"author":[{"embeddable":true,"href":"https:\/\/www.50eme-reine-astrid.be\/cassiopee\/wp-json\/wp\/v2\/users\/1"}],"replies":[{"embeddable":true,"href":"https:\/\/www.50eme-reine-astrid.be\/cassiopee\/wp-json\/wp\/v2\/comments?post=732"}],"version-history":[{"count":12,"href":"https:\/\/www.50eme-reine-astrid.be\/cassiopee\/wp-json\/wp\/v2\/pages\/732\/revisions"}],"predecessor-version":[{"id":2039,"href":"https:\/\/www.50eme-reine-astrid.be\/cassiopee\/wp-json\/wp\/v2\/pages\/732\/revisions\/2039"}],"wp:attachment":[{"href":"https:\/\/www.50eme-reine-astrid.be\/cassiopee\/wp-json\/wp\/v2\/media?parent=732"}],"curies":[{"name":"wp","href":"https:\/\/api.w.org\/{rel}","templated":true}]}}