{"id":71,"date":"2013-08-17T12:03:42","date_gmt":"2013-08-17T10:03:42","guid":{"rendered":"http:\/\/www.50eme-reine-astrid.be\/cassiopee\/?page_id=71"},"modified":"2025-09-02T17:32:12","modified_gmt":"2025-09-02T16:32:12","slug":"uniforme","status":"publish","type":"page","link":"https:\/\/www.50eme-reine-astrid.be\/cassiopee\/uniforme\/","title":{"rendered":"Uniforme"},"content":{"rendered":"<p>Voici un petit descriptif de l&rsquo;uniforme de la guide parfaite !<\/p>\n<p>Allez faire un tour sur le site des<span style=\"text-decoration: underline\"> <strong><a title=\"\u00e9conomats guides\" href=\"http:\/\/www.guides.be\/economats\/\" target=\"_blank\" rel=\"noopener\">\u00e9conomats<\/a><\/strong><\/span> guides pour savoir o\u00f9 et quand aller acheter son uniforme.<\/p>\n<p>N&rsquo;h\u00e9sitez pas non plus \u00e0 chercher autour de vous, il y a souvent moyen de trouver des affaires de seconde main&#8230;<\/p>\n<p>Il existe une page Facebook qui permet de racheter des uniformes d&rsquo;anciens anim\u00e9s, n&rsquo;h\u00e9sitez pas \u00e0 y jeter un coup d&rsquo;oeil.\u00a0<a href=\"https:\/\/fb.me\/g\/2XbTiRrxJ\/NHqLg9Ah\">https:\/\/fb.me\/g\/2XbTiRrxJ\/NHqLg9Ah<\/a><\/p>\n<p><a href=\"http:\/\/www.50eme-reine-astrid.be\/wp-content\/uploads\/sites\/3\/chemise-bleue1.jpg\"><img loading=\"lazy\" decoding=\"async\" class=\"alignright  wp-image-83\" title=\"chemise GCB\" src=\"http:\/\/www.50eme-reine-astrid.be\/wp-content\/uploads\/sites\/3\/chemise-bleue1-217x300.jpg\" alt=\"\" width=\"130\" height=\"180\" srcset=\"https:\/\/www.50eme-reine-astrid.be\/cassiopee\/wp-content\/uploads\/sites\/3\/chemise-bleue1-217x300.jpg 217w, https:\/\/www.50eme-reine-astrid.be\/cassiopee\/wp-content\/uploads\/sites\/3\/chemise-bleue1.jpg 386w\" sizes=\"auto, (max-width: 130px) 100vw, 130px\" \/><\/a><\/p>\n<p><strong>La chemise<\/strong><\/p>\n<p>Chemise bleue marine<\/p>\n<p><a href=\"http:\/\/www.50eme-reine-astrid.be\/wp-content\/uploads\/sites\/3\/bermuda-beige1.jpg\"><img loading=\"lazy\" decoding=\"async\" class=\"alignright  wp-image-84\" title=\"bermuda GCB\" src=\"http:\/\/www.50eme-reine-astrid.be\/wp-content\/uploads\/sites\/3\/bermuda-beige1.jpg\" alt=\"\" width=\"166\" height=\"152\" \/><\/a><a href=\"http:\/\/www.50eme-reine-astrid.be\/wp-content\/uploads\/sites\/3\/jupe.jpg\"><img loading=\"lazy\" decoding=\"async\" class=\"wp-image-114 alignright\" title=\"jupe\" src=\"http:\/\/www.50eme-reine-astrid.be\/wp-content\/uploads\/sites\/3\/jupe-300x258.jpg\" alt=\"\" width=\"180\" height=\"155\" srcset=\"https:\/\/www.50eme-reine-astrid.be\/cassiopee\/wp-content\/uploads\/sites\/3\/jupe-300x258.jpg 300w, https:\/\/www.50eme-reine-astrid.be\/cassiopee\/wp-content\/uploads\/sites\/3\/jupe.jpg 320w\" sizes=\"auto, (max-width: 180px) 100vw, 180px\" \/><\/a><\/p>\n<p><strong>La jupe ou le bermuda<br \/>\n<\/strong><\/p>\n<p>Jupe ou bermuda beige<\/p>\n<p><a href=\"http:\/\/www.50eme-reine-astrid.be\/wp-content\/uploads\/sites\/3\/polo-vert.jpg\"><img loading=\"lazy\" decoding=\"async\" class=\"alignright  wp-image-86\" title=\"polo GCB\" src=\"http:\/\/www.50eme-reine-astrid.be\/wp-content\/uploads\/sites\/3\/polo-vert-273x300.jpg\" alt=\"\" width=\"164\" height=\"180\" srcset=\"https:\/\/www.50eme-reine-astrid.be\/cassiopee\/wp-content\/uploads\/sites\/3\/polo-vert-273x300.jpg 273w, https:\/\/www.50eme-reine-astrid.be\/cassiopee\/wp-content\/uploads\/sites\/3\/polo-vert.jpg 294w\" sizes=\"auto, (max-width: 164px) 100vw, 164px\" \/><\/a><\/p>\n<p><strong>Le polo<\/strong><\/p>\n<p>Polo vert<\/p>\n<p><a href=\"http:\/\/www.50eme-reine-astrid.be\/wp-content\/uploads\/sites\/3\/foulard-beige-brun1.jpg\"><img loading=\"lazy\" decoding=\"async\" class=\"alignright  wp-image-89\" title=\"foulard\" src=\"http:\/\/www.50eme-reine-astrid.be\/wp-content\/uploads\/sites\/3\/foulard-beige-brun1-209x300.jpg\" alt=\"\" width=\"146\" height=\"210\" srcset=\"https:\/\/www.50eme-reine-astrid.be\/cassiopee\/wp-content\/uploads\/sites\/3\/foulard-beige-brun1-209x300.jpg 209w, https:\/\/www.50eme-reine-astrid.be\/cassiopee\/wp-content\/uploads\/sites\/3\/foulard-beige-brun1.jpg 418w\" sizes=\"auto, (max-width: 146px) 100vw, 146px\" \/><\/a><strong>Le foulard<\/strong><\/p>\n<p>Foulard beige et brun, il est fourni par l&rsquo;unit\u00e9<\/p>\n<p><strong>Les collants (facultatif)<\/strong><\/p>\n<p>Collants ou hautes chaussettes bleu marine<\/p>\n<p><strong>Bottines obligatoire<\/strong><\/p>\n<p><strong>Les insignes<\/strong><\/p>\n<p>Les \u00e9cussons Brabant Wallon, Belgique et d&rsquo;unit\u00e9 sont disponibles \u00e0 l&rsquo;achat aupr\u00e8s du staff d&rsquo;unit\u00e9.<\/p>\n<p><a href=\"http:\/\/www.50eme-reine-astrid.be\/wp-content\/uploads\/sites\/3\/ecusson-brabant-wallon.jpg\"><img loading=\"lazy\" decoding=\"async\" class=\"alignright  wp-image-93\" title=\"BW\" src=\"http:\/\/www.50eme-reine-astrid.be\/wp-content\/uploads\/sites\/3\/ecusson-brabant-wallon.jpg\" alt=\"\" width=\"109\" height=\"135\" \/><\/a>\u00c9cusson Brabant Wallon, \u00e0 coudre juste au-dessus de la poche de la manche droite<\/p>\n<p><a href=\"http:\/\/www.50eme-reine-astrid.be\/wp-content\/uploads\/sites\/3\/769508large.jpg\"><img loading=\"lazy\" decoding=\"async\" class=\"alignright  wp-image-94\" title=\"50e\" src=\"http:\/\/www.50eme-reine-astrid.be\/wp-content\/uploads\/sites\/3\/769508large.jpg\" alt=\"\" width=\"176\" height=\"45\" \/><\/a><\/p>\n<p>\u00c9cusson d&rsquo;unit\u00e9, \u00e0 coudre juste au-dessus de l&rsquo;\u00e9cusson Brabant Wallon<\/p>\n<p><a href=\"http:\/\/www.50eme-reine-astrid.be\/wp-content\/uploads\/sites\/3\/badge-belgique-europe.jpg\"><img loading=\"lazy\" decoding=\"async\" class=\"alignright  wp-image-95\" title=\"Belgique\" src=\"http:\/\/www.50eme-reine-astrid.be\/wp-content\/uploads\/sites\/3\/badge-belgique-europe.jpg\" alt=\"\" width=\"140\" height=\"37\" \/><\/a><\/p>\n<p>\u00c9cusson de la Belgique, \u00e0 coudre juste au-dessus de la poche du c\u0153ur<\/p>\n<p><a href=\"http:\/\/www.50eme-reine-astrid.be\/wp-content\/uploads\/sites\/3\/badge-de-base-aventure1.jpg\"><img loading=\"lazy\" decoding=\"async\" class=\"alignright  wp-image-365\" title=\"badge-de-base-aventure\" src=\"http:\/\/www.50eme-reine-astrid.be\/wp-content\/uploads\/sites\/3\/badge-de-base-aventure1.jpg\" alt=\"\" width=\"119\" height=\"135\" \/><\/a> \u00c9cusson du badge de base, \u00e0 coudre sur la manche gauche. Tu recevras ce badge apr\u00e8s ton premier camp et tu acquerras aussi un badge sp\u00e9cialis\u00e9 apr\u00e8s chaque camp. Les badges sp\u00e9cialis\u00e9s sont \u00e0 coudre juste en dessous du badge de base.<\/p>\n<p>\u00c9cusson du badge Cassiop\u00e9e (rond et bleu) \u00e0 coudre sur la poitrine droite<img loading=\"lazy\" decoding=\"async\" class=\"alignright\" src=\"https:\/\/www.50eme-reine-astrid.be\/cassiopee\/wp-content\/uploads\/sites\/3\/5.-Cassiopee.png\" alt=\"L\u2019attribut alt de cette image est vide, son nom de fichier est 5.-Cassiopee.png.\" width=\"151\" height=\"151\" \/><\/p>\n","protected":false},"excerpt":{"rendered":"<p>Voici un petit descriptif de l&rsquo;uniforme de la guide parfaite ! Allez faire un tour sur le site des \u00e9conomats guides pour savoir o\u00f9 et quand aller acheter son uniforme. N&rsquo;h\u00e9sitez pas non plus \u00e0 chercher autour de vous, il y a souvent moyen de trouver des affaires de seconde main&#8230; Il existe une page &hellip; <\/p>\n","protected":false},"author":2,"featured_media":0,"parent":0,"menu_order":0,"comment_status":"closed","ping_status":"open","template":"","meta":{"_exactmetrics_skip_tracking":false,"_exactmetrics_sitenote_active":false,"_exactmetrics_sitenote_note":"","_exactmetrics_sitenote_category":0,"footnotes":""},"class_list":["post-71","page","type-page","status-publish","hentry"],"_links":{"self":[{"href":"https:\/\/www.50eme-reine-astrid.be\/cassiopee\/wp-json\/wp\/v2\/pages\/71","targetHints":{"allow":["GET"]}}],"collection":[{"href":"https:\/\/www.50eme-reine-astrid.be\/cassiopee\/wp-json\/wp\/v2\/pages"}],"about":[{"href":"https:\/\/www.50eme-reine-astrid.be\/cassiopee\/wp-json\/wp\/v2\/types\/page"}],"author":[{"embeddable":true,"href":"https:\/\/www.50eme-reine-astrid.be\/cassiopee\/wp-json\/wp\/v2\/users\/2"}],"replies":[{"embeddable":true,"href":"https:\/\/www.50eme-reine-astrid.be\/cassiopee\/wp-json\/wp\/v2\/comments?post=71"}],"version-history":[{"count":27,"href":"https:\/\/www.50eme-reine-astrid.be\/cassiopee\/wp-json\/wp\/v2\/pages\/71\/revisions"}],"predecessor-version":[{"id":2031,"href":"https:\/\/www.50eme-reine-astrid.be\/cassiopee\/wp-json\/wp\/v2\/pages\/71\/revisions\/2031"}],"wp:attachment":[{"href":"https:\/\/www.50eme-reine-astrid.be\/cassiopee\/wp-json\/wp\/v2\/media?parent=71"}],"curies":[{"name":"wp","href":"https:\/\/api.w.org\/{rel}","templated":true}]}}