{"id":59,"date":"2013-08-17T11:43:56","date_gmt":"2013-08-17T09:43:56","guid":{"rendered":"http:\/\/www.50eme-reine-astrid.be\/cassiopee\/?page_id=59"},"modified":"2025-09-02T17:41:52","modified_gmt":"2025-09-02T16:41:52","slug":"droit-a-limage","status":"publish","type":"page","link":"https:\/\/www.50eme-reine-astrid.be\/cassiopee\/documents\/droit-a-limage\/","title":{"rendered":"Droit \u00e0 l&rsquo;image"},"content":{"rendered":"<p class=\"p1\">Si vous ne souhaitez pas que des photos de votre enfant soient utilis\u00e9es, merci de compl\u00e9ter ce document et de nous le remettre lors de la r\u00e9union de passage.<\/p>\n<p class=\"p1\">\u00c0 noter que nous utilisons les photos prises durant les r\u00e9unions uniquement pour illustrer notre site internet ou, \u00e9ventuellement, certains documents de la GCB.<\/p>\n<p class=\"p1\">Les photos de chaque r\u00e9union seront ajout\u00e9es \u00e0 notre galerie photo, accessible via un mot de passe qui vous sera communiqu\u00e9 par mail.<\/p>\n<p><a href=\"http:\/\/www.50eme-reine-astrid.be\/cassiopee\/wp-content\/uploads\/sites\/3\/DroitALImageGuides.pdf\">DroitImage<\/a><\/p>\n","protected":false},"excerpt":{"rendered":"<p>Si vous ne souhaitez pas que des photos de votre enfant soient utilis\u00e9es, merci de compl\u00e9ter ce document et de nous le remettre lors de la r\u00e9union de passage. \u00c0 noter que nous utilisons les photos prises durant les r\u00e9unions uniquement pour illustrer notre site internet ou, \u00e9ventuellement, certains documents de la GCB. Les photos &hellip; <\/p>\n","protected":false},"author":2,"featured_media":0,"parent":19,"menu_order":0,"comment_status":"closed","ping_status":"open","template":"","meta":{"_exactmetrics_skip_tracking":false,"_exactmetrics_sitenote_active":false,"_exactmetrics_sitenote_note":"","_exactmetrics_sitenote_category":0,"footnotes":""},"class_list":["post-59","page","type-page","status-publish","hentry"],"_links":{"self":[{"href":"https:\/\/www.50eme-reine-astrid.be\/cassiopee\/wp-json\/wp\/v2\/pages\/59","targetHints":{"allow":["GET"]}}],"collection":[{"href":"https:\/\/www.50eme-reine-astrid.be\/cassiopee\/wp-json\/wp\/v2\/pages"}],"about":[{"href":"https:\/\/www.50eme-reine-astrid.be\/cassiopee\/wp-json\/wp\/v2\/types\/page"}],"author":[{"embeddable":true,"href":"https:\/\/www.50eme-reine-astrid.be\/cassiopee\/wp-json\/wp\/v2\/users\/2"}],"replies":[{"embeddable":true,"href":"https:\/\/www.50eme-reine-astrid.be\/cassiopee\/wp-json\/wp\/v2\/comments?post=59"}],"version-history":[{"count":9,"href":"https:\/\/www.50eme-reine-astrid.be\/cassiopee\/wp-json\/wp\/v2\/pages\/59\/revisions"}],"predecessor-version":[{"id":2035,"href":"https:\/\/www.50eme-reine-astrid.be\/cassiopee\/wp-json\/wp\/v2\/pages\/59\/revisions\/2035"}],"up":[{"embeddable":true,"href":"https:\/\/www.50eme-reine-astrid.be\/cassiopee\/wp-json\/wp\/v2\/pages\/19"}],"wp:attachment":[{"href":"https:\/\/www.50eme-reine-astrid.be\/cassiopee\/wp-json\/wp\/v2\/media?parent=59"}],"curies":[{"name":"wp","href":"https:\/\/api.w.org\/{rel}","templated":true}]}}