{"id":34,"date":"2013-08-17T09:23:03","date_gmt":"2013-08-17T08:23:03","guid":{"rendered":"http:\/\/www.50eme-reine-astrid.be\/cassiopee\/?page_id=34"},"modified":"2025-11-11T16:22:50","modified_gmt":"2025-11-11T15:22:50","slug":"compagnie","status":"publish","type":"page","link":"https:\/\/www.50eme-reine-astrid.be\/cassiopee\/compagnie\/compagnie\/","title":{"rendered":"Compagnie 2013-2014"},"content":{"rendered":"<p><strong>LES PATROUILLES 2013 &#8211; 2014<\/strong><\/p>\n<p>&nbsp;<\/p>\n<table>\n<tbody>\n<tr>\n<td><span style=\"color: #008000\"><strong>CERFS<\/strong><\/span><\/td>\n<td><span style=\"color: #008000\"><strong>KANGOUROUS<\/strong><\/span><\/td>\n<\/tr>\n<tr>\n<td><strong>Sapajou<\/strong> <em>Mary Poppins<\/em> &#8211; CP<\/td>\n<td><strong>Corsac<\/strong> <em>Rio de Janeiro<\/em> &#8211; CP<\/td>\n<\/tr>\n<tr>\n<td><strong>X\u00e9rus<\/strong> &#8211; SP<\/td>\n<td><strong>Koudou <\/strong>&#8211; SP<\/td>\n<\/tr>\n<tr>\n<td><strong>Sousa<\/strong> <em>Alice in Wonderland<\/em><\/td>\n<td><strong>Margaux<\/strong><\/td>\n<\/tr>\n<tr>\n<td><strong>H\u00e9l\u00e9na<\/strong><\/td>\n<td><strong>Emerillon<\/strong><\/td>\n<\/tr>\n<tr>\n<td><strong>Cabri<\/strong><\/td>\n<td><strong>Beira<\/strong> <em>Aliz\u00e9e<\/em><\/td>\n<\/tr>\n<tr>\n<td><strong>Sa\u00efmiri<\/strong><\/td>\n<td><strong>Sanderling<\/strong><\/td>\n<\/tr>\n<tr>\n<td><strong>Nyala<\/strong><\/td>\n<td><strong>Lionceau<\/strong><\/td>\n<\/tr>\n<tr>\n<td><strong>Chinkara\u00a0<\/strong><em>Jardin Secret<\/em><\/td>\n<td><strong>Dingo<\/strong><\/td>\n<\/tr>\n<tr>\n<td><strong>Irbis<\/strong><\/td>\n<td><strong>Mara<\/strong><\/td>\n<\/tr>\n<tr>\n<td><strong>Gulawani<\/strong><\/td>\n<td><\/td>\n<\/tr>\n<tr>\n<td><\/td>\n<td><\/td>\n<\/tr>\n<tr>\n<td><\/td>\n<\/tr>\n<tr>\n<td><strong><span style=\"color: #008000\">PERROQUETS<\/span><\/strong><\/td>\n<td><span style=\"color: #008000\"><strong>\u00c9L\u00c9PHANTS<\/strong><\/span><\/td>\n<\/tr>\n<tr>\n<td><strong>Jaguarondi<\/strong>\u00a0<em>Metteur en Sc\u00e8ne <\/em>&#8211; CP<\/td>\n<td><strong>Souslik<\/strong> <em>Hestia <\/em>&#8211; CP<\/td>\n<\/tr>\n<tr>\n<td><strong>Sirli<\/strong> <em>Koda <\/em>&#8211; SP<\/td>\n<td><strong>Thamin<\/strong> <em>Fl\u00e8che<\/em> &#8211; SP<\/td>\n<\/tr>\n<tr>\n<td><strong>Barasingha<\/strong> <em>Petit Prince<\/em><\/td>\n<td><strong>Pauline<\/strong><\/td>\n<\/tr>\n<tr>\n<td><strong>Epagneul<\/strong> <em>Bo\u00eete \u00e0 Musique<\/em><\/td>\n<td><strong>Besra<\/strong><\/td>\n<\/tr>\n<tr>\n<td><strong>Margay<\/strong> <em>Matoaka<\/em><\/td>\n<td><strong>Hermine<\/strong><\/td>\n<\/tr>\n<tr>\n<td><strong>A\u00eflurus <\/strong><em>Ballade des Gens Heureux<\/em><\/td>\n<td><strong>Shiba<\/strong><\/td>\n<\/tr>\n<tr>\n<td><strong>Caracal<\/strong><\/td>\n<td><strong>Aonyx<\/strong><\/td>\n<\/tr>\n<tr>\n<td><strong>Lynx<\/strong><\/td>\n<td><strong>Chinkara<\/strong><\/td>\n<\/tr>\n<tr>\n<td><strong>Ombeline<\/strong><\/td>\n<td><strong>Marie<\/strong><\/td>\n<\/tr>\n<\/tbody>\n<\/table>\n<p>&nbsp;<\/p>\n<p><a href=\"http:\/\/www.50eme-reine-astrid.be\/wp-content\/uploads\/sites\/3\/octobre_0119.jpg\"><img loading=\"lazy\" decoding=\"async\" class=\"aligncenter size-large wp-image-209\" title=\"octobre_0119\" src=\"http:\/\/www.50eme-reine-astrid.be\/wp-content\/uploads\/sites\/3\/octobre_0119-1024x380.jpg\" alt=\"\" width=\"640\" height=\"237\" srcset=\"https:\/\/www.50eme-reine-astrid.be\/cassiopee\/wp-content\/uploads\/sites\/3\/octobre_0119-1024x380.jpg 1024w, https:\/\/www.50eme-reine-astrid.be\/cassiopee\/wp-content\/uploads\/sites\/3\/octobre_0119-300x111.jpg 300w\" sizes=\"auto, (max-width: 640px) 100vw, 640px\" \/><\/a><\/p>\n","protected":false},"excerpt":{"rendered":"<p>LES PATROUILLES 2013 &#8211; 2014 &nbsp; CERFS KANGOUROUS Sapajou Mary Poppins &#8211; CP Corsac Rio de Janeiro &#8211; CP X\u00e9rus &#8211; SP Koudou &#8211; SP Sousa Alice in Wonderland Margaux H\u00e9l\u00e9na Emerillon Cabri Beira Aliz\u00e9e Sa\u00efmiri Sanderling Nyala Lionceau Chinkara\u00a0Jardin Secret Dingo Irbis Mara Gulawani PERROQUETS \u00c9L\u00c9PHANTS Jaguarondi\u00a0Metteur en Sc\u00e8ne &#8211; CP Souslik Hestia &#8211; &hellip; <\/p>\n","protected":false},"author":2,"featured_media":0,"parent":344,"menu_order":10,"comment_status":"open","ping_status":"closed","template":"","meta":{"_exactmetrics_skip_tracking":false,"_exactmetrics_sitenote_active":false,"_exactmetrics_sitenote_note":"","_exactmetrics_sitenote_category":0,"footnotes":""},"class_list":["post-34","page","type-page","status-publish","hentry"],"_links":{"self":[{"href":"https:\/\/www.50eme-reine-astrid.be\/cassiopee\/wp-json\/wp\/v2\/pages\/34","targetHints":{"allow":["GET"]}}],"collection":[{"href":"https:\/\/www.50eme-reine-astrid.be\/cassiopee\/wp-json\/wp\/v2\/pages"}],"about":[{"href":"https:\/\/www.50eme-reine-astrid.be\/cassiopee\/wp-json\/wp\/v2\/types\/page"}],"author":[{"embeddable":true,"href":"https:\/\/www.50eme-reine-astrid.be\/cassiopee\/wp-json\/wp\/v2\/users\/2"}],"replies":[{"embeddable":true,"href":"https:\/\/www.50eme-reine-astrid.be\/cassiopee\/wp-json\/wp\/v2\/comments?post=34"}],"version-history":[{"count":14,"href":"https:\/\/www.50eme-reine-astrid.be\/cassiopee\/wp-json\/wp\/v2\/pages\/34\/revisions"}],"predecessor-version":[{"id":626,"href":"https:\/\/www.50eme-reine-astrid.be\/cassiopee\/wp-json\/wp\/v2\/pages\/34\/revisions\/626"}],"up":[{"embeddable":true,"href":"https:\/\/www.50eme-reine-astrid.be\/cassiopee\/wp-json\/wp\/v2\/pages\/344"}],"wp:attachment":[{"href":"https:\/\/www.50eme-reine-astrid.be\/cassiopee\/wp-json\/wp\/v2\/media?parent=34"}],"curies":[{"name":"wp","href":"https:\/\/api.w.org\/{rel}","templated":true}]}}