{"id":32,"date":"2013-08-17T09:22:48","date_gmt":"2013-08-17T07:22:48","guid":{"rendered":"http:\/\/www.50eme-reine-astrid.be\/cassiopee\/?page_id=32"},"modified":"2017-04-25T21:30:12","modified_gmt":"2017-04-25T19:30:12","slug":"staff","status":"publish","type":"page","link":"https:\/\/www.50eme-reine-astrid.be\/cassiopee\/staff\/","title":{"rendered":"Staff 2013-2014"},"content":{"rendered":"<p style=\"text-align: center\">\u00a0<a href=\"http:\/\/www.50eme-reine-astrid.be\/wp-content\/uploads\/sites\/3\/passage_180.jpg\"><img loading=\"lazy\" decoding=\"async\" class=\"aligncenter  wp-image-163\" title=\"passage_180\" src=\"http:\/\/www.50eme-reine-astrid.be\/wp-content\/uploads\/sites\/3\/passage_180-1024x856.jpg\" alt=\"\" width=\"472\" height=\"394\" srcset=\"https:\/\/www.50eme-reine-astrid.be\/cassiopee\/wp-content\/uploads\/sites\/3\/passage_180-1024x856.jpg 1024w, https:\/\/www.50eme-reine-astrid.be\/cassiopee\/wp-content\/uploads\/sites\/3\/passage_180-300x250.jpg 300w\" sizes=\"auto, (max-width: 472px) 100vw, 472px\" \/><\/a><\/p>\n<p style=\"text-align: center\"><span style=\"font-size: large\"><strong>Staff 2013-2014<\/strong> <\/span><\/p>\n<p>&nbsp;<\/p>\n<p><strong><a href=\"http:\/\/www.50eme-reine-astrid.be\/wp-content\/uploads\/sites\/3\/Wallaby.jpg\"><img loading=\"lazy\" decoding=\"async\" class=\"alignleft  wp-image-152\" title=\"Wallaby\" src=\"http:\/\/www.50eme-reine-astrid.be\/wp-content\/uploads\/sites\/3\/Wallaby-220x300.jpg\" alt=\"\" width=\"139\" height=\"189\" srcset=\"https:\/\/www.50eme-reine-astrid.be\/cassiopee\/wp-content\/uploads\/sites\/3\/Wallaby-220x300.jpg 220w, https:\/\/www.50eme-reine-astrid.be\/cassiopee\/wp-content\/uploads\/sites\/3\/Wallaby-753x1024.jpg 753w, https:\/\/www.50eme-reine-astrid.be\/cassiopee\/wp-content\/uploads\/sites\/3\/Wallaby.jpg 1992w\" sizes=\"auto, (max-width: 139px) 100vw, 139px\" \/><\/a>\u00a0 Wallaby<\/strong> <em>On the road again<br \/>\n<\/em><\/p>\n<p>Anne-Sophie Branders<\/p>\n<p>Cheftaine<\/p>\n<p>&nbsp;<\/p>\n<p>&nbsp;<\/p>\n<p>&nbsp;<\/p>\n<p>&nbsp;<\/p>\n<p><strong><a href=\"http:\/\/www.50eme-reine-astrid.be\/wp-content\/uploads\/sites\/3\/Barzoi\u0308.jpg\"><img loading=\"lazy\" decoding=\"async\" class=\"alignleft  wp-image-153\" title=\"Barzoi\u0308\" src=\"http:\/\/www.50eme-reine-astrid.be\/wp-content\/uploads\/sites\/3\/Barzoi\u0308-201x300.jpg\" alt=\"\" width=\"136\" height=\"201\" \/><\/a>\u00a0 Barzo\u00ef <\/strong><em>Pierre de Lune<\/em><\/p>\n<p>Marie-Aur\u00e9lie Babut du Mar\u00e8s<\/p>\n<p>Tr\u00e9sori\u00e8re<\/p>\n<p>&nbsp;<\/p>\n<p>&nbsp;<\/p>\n<p>&nbsp;<\/p>\n<p>&nbsp;<\/p>\n<p><a href=\"http:\/\/www.50eme-reine-astrid.be\/wp-content\/uploads\/sites\/3\/Basenji.jpg\"><img loading=\"lazy\" decoding=\"async\" class=\"alignleft  wp-image-148\" title=\"Basenji\" src=\"http:\/\/www.50eme-reine-astrid.be\/wp-content\/uploads\/sites\/3\/Basenji-199x300.jpg\" alt=\"\" width=\"136\" height=\"206\" srcset=\"https:\/\/www.50eme-reine-astrid.be\/cassiopee\/wp-content\/uploads\/sites\/3\/Basenji-199x300.jpg 199w, https:\/\/www.50eme-reine-astrid.be\/cassiopee\/wp-content\/uploads\/sites\/3\/Basenji-679x1024.jpg 679w, https:\/\/www.50eme-reine-astrid.be\/cassiopee\/wp-content\/uploads\/sites\/3\/Basenji.jpg 1652w\" sizes=\"auto, (max-width: 136px) 100vw, 136px\" \/><\/a><\/p>\n<p><strong>\u00a0 Basenji <\/strong><em>Irish Coffee<\/em><\/p>\n<p>Elisabeth N\u00e8ve de M\u00e9vergnies<\/p>\n<p>Pharmacie<\/p>\n<p>&nbsp;<\/p>\n<p>&nbsp;<\/p>\n<p>&nbsp;<\/p>\n<p>&nbsp;<\/p>\n<p><a href=\"http:\/\/www.50eme-reine-astrid.be\/wp-content\/uploads\/sites\/3\/Chipmunk.jpg\"><img loading=\"lazy\" decoding=\"async\" class=\"alignleft  wp-image-149\" title=\"Chipmunk\" src=\"http:\/\/www.50eme-reine-astrid.be\/wp-content\/uploads\/sites\/3\/Chipmunk-212x300.jpg\" alt=\"\" width=\"139\" height=\"196\" srcset=\"https:\/\/www.50eme-reine-astrid.be\/cassiopee\/wp-content\/uploads\/sites\/3\/Chipmunk-212x300.jpg 212w, https:\/\/www.50eme-reine-astrid.be\/cassiopee\/wp-content\/uploads\/sites\/3\/Chipmunk-724x1024.jpg 724w, https:\/\/www.50eme-reine-astrid.be\/cassiopee\/wp-content\/uploads\/sites\/3\/Chipmunk.jpg 1905w\" sizes=\"auto, (max-width: 139px) 100vw, 139px\" \/><\/a><\/p>\n<p><strong>\u00a0 Chipmunk<\/strong><em> Omnibus<\/em><\/p>\n<p>Le\u00efla van Keirsbilck<\/p>\n<p>Responsable week-end<\/p>\n<p>&nbsp;<\/p>\n<p>&nbsp;<\/p>\n<p>&nbsp;<\/p>\n<p>&nbsp;<\/p>\n<p><strong><a href=\"http:\/\/www.50eme-reine-astrid.be\/wp-content\/uploads\/sites\/3\/Chous.jpg\"><img loading=\"lazy\" decoding=\"async\" class=\"alignleft  wp-image-154\" title=\"Chous\" src=\"http:\/\/www.50eme-reine-astrid.be\/wp-content\/uploads\/sites\/3\/Chous-200x300.jpg\" alt=\"\" width=\"139\" height=\"206\" \/><\/a>\u00a0 Chousingha<\/strong><em> Welcome home<\/em><\/p>\n<p>Isis de Dorlodot<\/p>\n<p>Webmaster<\/p>\n<p>&nbsp;<\/p>\n<p>&nbsp;<\/p>\n<p>&nbsp;<\/p>\n<p>&nbsp;<\/p>\n<p><strong><a href=\"http:\/\/www.50eme-reine-astrid.be\/wp-content\/uploads\/sites\/3\/Maki.jpg\"><img loading=\"lazy\" decoding=\"async\" class=\"alignleft  wp-image-155\" title=\"Maki\" src=\"http:\/\/www.50eme-reine-astrid.be\/wp-content\/uploads\/sites\/3\/Maki-203x300.jpg\" alt=\"\" width=\"141\" height=\"207\" srcset=\"https:\/\/www.50eme-reine-astrid.be\/cassiopee\/wp-content\/uploads\/sites\/3\/Maki-203x300.jpg 203w, https:\/\/www.50eme-reine-astrid.be\/cassiopee\/wp-content\/uploads\/sites\/3\/Maki-693x1024.jpg 693w, https:\/\/www.50eme-reine-astrid.be\/cassiopee\/wp-content\/uploads\/sites\/3\/Maki.jpg 1885w\" sizes=\"auto, (max-width: 141px) 100vw, 141px\" \/><\/a>\u00a0 Maki<\/strong><\/p>\n<p>Valentine Calay<\/p>\n<p>Photos et comptes-rendus<\/p>\n<p>&nbsp;<\/p>\n<p>&nbsp;<\/p>\n<p>&nbsp;<\/p>\n<p>&nbsp;<\/p>\n<p><strong>\u00a0 <a href=\"http:\/\/www.50eme-reine-astrid.be\/wp-content\/uploads\/sites\/3\/Saluki.jpg\"><img loading=\"lazy\" decoding=\"async\" class=\"alignleft  wp-image-156\" title=\"Saluki\" src=\"http:\/\/www.50eme-reine-astrid.be\/wp-content\/uploads\/sites\/3\/Saluki-193x300.jpg\" alt=\"\" width=\"141\" height=\"218\" srcset=\"https:\/\/www.50eme-reine-astrid.be\/cassiopee\/wp-content\/uploads\/sites\/3\/Saluki-193x300.jpg 193w, https:\/\/www.50eme-reine-astrid.be\/cassiopee\/wp-content\/uploads\/sites\/3\/Saluki-660x1024.jpg 660w, https:\/\/www.50eme-reine-astrid.be\/cassiopee\/wp-content\/uploads\/sites\/3\/Saluki.jpg 1857w\" sizes=\"auto, (max-width: 141px) 100vw, 141px\" \/><\/a>Saluki<\/strong><em> Arlequin<\/em><\/p>\n<p>Marjorie David<\/p>\n<p>Anniversaires<\/p>\n","protected":false},"excerpt":{"rendered":"<p>\u00a0 Staff 2013-2014 &nbsp; \u00a0 Wallaby On the road again Anne-Sophie Branders Cheftaine &nbsp; &nbsp; &nbsp; &nbsp; \u00a0 Barzo\u00ef Pierre de Lune Marie-Aur\u00e9lie Babut du Mar\u00e8s Tr\u00e9sori\u00e8re &nbsp; &nbsp; &nbsp; &nbsp; \u00a0 Basenji Irish Coffee Elisabeth N\u00e8ve de M\u00e9vergnies Pharmacie &nbsp; &nbsp; &nbsp; &nbsp; \u00a0 Chipmunk Omnibus Le\u00efla van Keirsbilck Responsable week-end &nbsp; &nbsp; &nbsp; &hellip; <\/p>\n","protected":false},"author":2,"featured_media":0,"parent":0,"menu_order":0,"comment_status":"open","ping_status":"closed","template":"","meta":{"_exactmetrics_skip_tracking":false,"_exactmetrics_sitenote_active":false,"_exactmetrics_sitenote_note":"","_exactmetrics_sitenote_category":0,"footnotes":""},"class_list":["post-32","page","type-page","status-publish","hentry"],"_links":{"self":[{"href":"https:\/\/www.50eme-reine-astrid.be\/cassiopee\/wp-json\/wp\/v2\/pages\/32","targetHints":{"allow":["GET"]}}],"collection":[{"href":"https:\/\/www.50eme-reine-astrid.be\/cassiopee\/wp-json\/wp\/v2\/pages"}],"about":[{"href":"https:\/\/www.50eme-reine-astrid.be\/cassiopee\/wp-json\/wp\/v2\/types\/page"}],"author":[{"embeddable":true,"href":"https:\/\/www.50eme-reine-astrid.be\/cassiopee\/wp-json\/wp\/v2\/users\/2"}],"replies":[{"embeddable":true,"href":"https:\/\/www.50eme-reine-astrid.be\/cassiopee\/wp-json\/wp\/v2\/comments?post=32"}],"version-history":[{"count":16,"href":"https:\/\/www.50eme-reine-astrid.be\/cassiopee\/wp-json\/wp\/v2\/pages\/32\/revisions"}],"predecessor-version":[{"id":875,"href":"https:\/\/www.50eme-reine-astrid.be\/cassiopee\/wp-json\/wp\/v2\/pages\/32\/revisions\/875"}],"wp:attachment":[{"href":"https:\/\/www.50eme-reine-astrid.be\/cassiopee\/wp-json\/wp\/v2\/media?parent=32"}],"curies":[{"name":"wp","href":"https:\/\/api.w.org\/{rel}","templated":true}]}}