{"id":307,"date":"2014-08-06T17:43:42","date_gmt":"2014-08-06T15:43:42","guid":{"rendered":"http:\/\/www.50eme-reine-astrid.be\/cassiopee\/?page_id=307"},"modified":"2015-09-04T12:21:19","modified_gmt":"2015-09-04T10:21:19","slug":"staff-2014-2015","status":"publish","type":"page","link":"https:\/\/www.50eme-reine-astrid.be\/cassiopee\/staff-2014-2015\/","title":{"rendered":"Staff 2014-2015"},"content":{"rendered":"<p>&nbsp;<\/p>\n<table style=\"width: 100%\" border=\"1\">\n<tbody>\n<tr>\n<td colspan=\"3\"><\/td>\n<\/tr>\n<tr>\n<td style=\"text-align: center\" width=\"40%\"><strong><a href=\"http:\/\/www.50eme-reine-astrid.be\/wp-content\/uploads\/sites\/3\/wallaby_red.jpg\"><img loading=\"lazy\" decoding=\"async\" class=\"wp-image-476 alignleft\" title=\"wallaby_red\" src=\"http:\/\/www.50eme-reine-astrid.be\/wp-content\/uploads\/sites\/3\/wallaby_red-682x1024.jpg\" alt=\"\" width=\"115\" height=\"173\" srcset=\"https:\/\/www.50eme-reine-astrid.be\/cassiopee\/wp-content\/uploads\/sites\/3\/wallaby_red-682x1024.jpg 682w, https:\/\/www.50eme-reine-astrid.be\/cassiopee\/wp-content\/uploads\/sites\/3\/wallaby_red-200x300.jpg 200w, https:\/\/www.50eme-reine-astrid.be\/cassiopee\/wp-content\/uploads\/sites\/3\/wallaby_red.jpg 1794w\" sizes=\"auto, (max-width: 115px) 100vw, 115px\" \/><\/a>Wallaby<\/strong><br \/>\n<em>On the road again<\/em><\/p>\n<p style=\"text-align: center\">Anne-Sophie Branders<\/p>\n<\/td>\n<td width=\"20%\"><\/td>\n<td style=\"text-align: center\" width=\"40%\"><strong>M<\/strong><strong><strong><a href=\"http:\/\/www.50eme-reine-astrid.be\/wp-content\/uploads\/sites\/3\/Maki_red.jpg\"><img loading=\"lazy\" decoding=\"async\" class=\"wp-image-472 alignleft\" title=\"Maki_red\" src=\"http:\/\/www.50eme-reine-astrid.be\/wp-content\/uploads\/sites\/3\/Maki_red-682x1024.jpg\" alt=\"\" width=\"115\" height=\"174\" srcset=\"https:\/\/www.50eme-reine-astrid.be\/cassiopee\/wp-content\/uploads\/sites\/3\/Maki_red-682x1024.jpg 682w, https:\/\/www.50eme-reine-astrid.be\/cassiopee\/wp-content\/uploads\/sites\/3\/Maki_red-200x300.jpg 200w, https:\/\/www.50eme-reine-astrid.be\/cassiopee\/wp-content\/uploads\/sites\/3\/Maki_red.jpg 1728w\" sizes=\"auto, (max-width: 115px) 100vw, 115px\" \/><\/a><\/strong><\/strong><strong>aki<\/strong><br \/>\n<em>Rock la vie<\/em><\/p>\n<p style=\"text-align: center\">Valentine Calay<\/p>\n<\/td>\n<\/tr>\n<tr>\n<td colspan=\"3\"><\/td>\n<\/tr>\n<tr>\n<td style=\"text-align: center\" width=\"40%\"><strong><strong><a href=\"http:\/\/www.50eme-reine-astrid.be\/wp-content\/uploads\/sites\/3\/Barzoi_red.jpg\"><img loading=\"lazy\" decoding=\"async\" class=\"wp-image-470 alignleft\" title=\"Barzoi_red\" src=\"http:\/\/www.50eme-reine-astrid.be\/wp-content\/uploads\/sites\/3\/Barzoi_red-682x1024.jpg\" alt=\"\" width=\"115\" height=\"173\" srcset=\"https:\/\/www.50eme-reine-astrid.be\/cassiopee\/wp-content\/uploads\/sites\/3\/Barzoi_red-682x1024.jpg 682w, https:\/\/www.50eme-reine-astrid.be\/cassiopee\/wp-content\/uploads\/sites\/3\/Barzoi_red-200x300.jpg 200w\" sizes=\"auto, (max-width: 115px) 100vw, 115px\" \/><\/a><\/strong>Barzo\u00ef<\/strong><br \/>\n<em>Pierre de lune <\/em><\/p>\n<p>Marie-Aur\u00e9lie Babut du Mar\u00e8s<\/td>\n<td width=\"20%\"><\/td>\n<td style=\"text-align: center\" width=\"40%\"><strong><strong><a href=\"http:\/\/www.50eme-reine-astrid.be\/wp-content\/uploads\/sites\/3\/Basenji.jpg\"><img loading=\"lazy\" decoding=\"async\" class=\"alignleft\" title=\"Basenji\" src=\"http:\/\/www.50eme-reine-astrid.be\/wp-content\/uploads\/sites\/3\/Basenji-679x1024.jpg\" alt=\"\" width=\"115\" height=\"173\" \/><\/a><\/strong>Basenji<\/strong><br \/>\n<em>Irish coffee<\/em><\/p>\n<p style=\"text-align: center\">Elisabeth N\u00e8ve de M\u00e9vergnies<\/p>\n<\/td>\n<\/tr>\n<tr>\n<td colspan=\"3\"><\/td>\n<\/tr>\n<tr>\n<td width=\"40%\">\n<p style=\"text-align: center\"><strong><a href=\"http:\/\/www.50eme-reine-astrid.be\/wp-content\/uploads\/sites\/3\/Grysbok_red.jpg\"><img loading=\"lazy\" decoding=\"async\" class=\"wp-image-471 alignleft\" title=\"Grysbok_red\" src=\"http:\/\/www.50eme-reine-astrid.be\/wp-content\/uploads\/sites\/3\/Grysbok_red-682x1024.jpg\" alt=\"\" width=\"115\" height=\"173\" srcset=\"https:\/\/www.50eme-reine-astrid.be\/cassiopee\/wp-content\/uploads\/sites\/3\/Grysbok_red-682x1024.jpg 682w, https:\/\/www.50eme-reine-astrid.be\/cassiopee\/wp-content\/uploads\/sites\/3\/Grysbok_red-200x300.jpg 200w\" sizes=\"auto, (max-width: 115px) 100vw, 115px\" \/><\/a>Grysbok<\/strong><\/p>\n<p style=\"text-align: center\"><em>Premi\u00e8re de cord\u00e9e<\/em><\/p>\n<p style=\"text-align: center\">Marguerite de Peuter<\/p>\n<\/td>\n<td width=\"20%\"><\/td>\n<td width=\"40%\">\n<p style=\"text-align: center\"><strong><a href=\"http:\/\/www.50eme-reine-astrid.be\/wp-content\/uploads\/sites\/3\/Sika_red.jpg\"><img loading=\"lazy\" decoding=\"async\" class=\"wp-image-474 alignleft\" title=\"Sika_red\" src=\"http:\/\/www.50eme-reine-astrid.be\/wp-content\/uploads\/sites\/3\/Sika_red-682x1024.jpg\" alt=\"\" width=\"115\" height=\"173\" srcset=\"https:\/\/www.50eme-reine-astrid.be\/cassiopee\/wp-content\/uploads\/sites\/3\/Sika_red-682x1024.jpg 682w, https:\/\/www.50eme-reine-astrid.be\/cassiopee\/wp-content\/uploads\/sites\/3\/Sika_red-200x300.jpg 200w\" sizes=\"auto, (max-width: 115px) 100vw, 115px\" \/><\/a>Sika<\/strong><\/p>\n<p style=\"text-align: center\"><em>Sound of music<\/em><\/p>\n<p style=\"text-align: center\">Giulia de Dorlodot<\/p>\n<\/td>\n<\/tr>\n<tr>\n<td colspan=\"3\"><\/td>\n<\/tr>\n<tr>\n<td width=\"40%\">\n<p style=\"text-align: center\"><strong><a href=\"http:\/\/www.50eme-reine-astrid.be\/wp-content\/uploads\/sites\/3\/Surnia_red.jpg\"><img loading=\"lazy\" decoding=\"async\" class=\"wp-image-475 alignleft\" title=\"Surnia_red\" src=\"http:\/\/www.50eme-reine-astrid.be\/wp-content\/uploads\/sites\/3\/Surnia_red-682x1024.jpg\" alt=\"\" width=\"115\" height=\"174\" srcset=\"https:\/\/www.50eme-reine-astrid.be\/cassiopee\/wp-content\/uploads\/sites\/3\/Surnia_red-682x1024.jpg 682w, https:\/\/www.50eme-reine-astrid.be\/cassiopee\/wp-content\/uploads\/sites\/3\/Surnia_red-199x300.jpg 199w\" sizes=\"auto, (max-width: 115px) 100vw, 115px\" \/><\/a>Surnia<\/strong><\/p>\n<p style=\"text-align: center\"><em>Atout\u00a0c\u0153ur\u00a0Atout pique<\/em><\/p>\n<p style=\"text-align: center\">Marie-Joy de Crombrugghe<\/p>\n<\/td>\n<td width=\"20%\"><\/td>\n<td width=\"40%\">\n<p style=\"text-align: center\"><strong><a href=\"http:\/\/www.50eme-reine-astrid.be\/wp-content\/uploads\/sites\/3\/Margay_red.jpg\"><img loading=\"lazy\" decoding=\"async\" class=\"wp-image-473 alignleft\" title=\"Margay_red\" src=\"http:\/\/www.50eme-reine-astrid.be\/wp-content\/uploads\/sites\/3\/Margay_red-682x1024.jpg\" alt=\"\" width=\"115\" height=\"173\" srcset=\"https:\/\/www.50eme-reine-astrid.be\/cassiopee\/wp-content\/uploads\/sites\/3\/Margay_red-682x1024.jpg 682w, https:\/\/www.50eme-reine-astrid.be\/cassiopee\/wp-content\/uploads\/sites\/3\/Margay_red-199x300.jpg 199w\" sizes=\"auto, (max-width: 115px) 100vw, 115px\" \/><\/a>Margay<\/strong><\/p>\n<p style=\"text-align: center\"><em>Simba<\/em><\/p>\n<p style=\"text-align: center\">H\u00e9l\u00e8ne de Peuter<\/p>\n<\/td>\n<\/tr>\n<\/tbody>\n<\/table>\n<p>&nbsp;<\/p>\n","protected":false},"excerpt":{"rendered":"<p>&nbsp; Wallaby On the road again Anne-Sophie Branders Maki Rock la vie Valentine Calay Barzo\u00ef Pierre de lune Marie-Aur\u00e9lie Babut du Mar\u00e8s Basenji Irish coffee Elisabeth N\u00e8ve de M\u00e9vergnies Grysbok Premi\u00e8re de cord\u00e9e Marguerite de Peuter Sika Sound of music Giulia de Dorlodot Surnia Atout\u00a0c\u0153ur\u00a0Atout pique Marie-Joy de Crombrugghe Margay Simba H\u00e9l\u00e8ne de Peuter &nbsp;<\/p>\n","protected":false},"author":2,"featured_media":0,"parent":0,"menu_order":0,"comment_status":"open","ping_status":"open","template":"","meta":{"_exactmetrics_skip_tracking":false,"_exactmetrics_sitenote_active":false,"_exactmetrics_sitenote_note":"","_exactmetrics_sitenote_category":0,"footnotes":""},"class_list":["post-307","page","type-page","status-publish","hentry"],"_links":{"self":[{"href":"https:\/\/www.50eme-reine-astrid.be\/cassiopee\/wp-json\/wp\/v2\/pages\/307","targetHints":{"allow":["GET"]}}],"collection":[{"href":"https:\/\/www.50eme-reine-astrid.be\/cassiopee\/wp-json\/wp\/v2\/pages"}],"about":[{"href":"https:\/\/www.50eme-reine-astrid.be\/cassiopee\/wp-json\/wp\/v2\/types\/page"}],"author":[{"embeddable":true,"href":"https:\/\/www.50eme-reine-astrid.be\/cassiopee\/wp-json\/wp\/v2\/users\/2"}],"replies":[{"embeddable":true,"href":"https:\/\/www.50eme-reine-astrid.be\/cassiopee\/wp-json\/wp\/v2\/comments?post=307"}],"version-history":[{"count":36,"href":"https:\/\/www.50eme-reine-astrid.be\/cassiopee\/wp-json\/wp\/v2\/pages\/307\/revisions"}],"predecessor-version":[{"id":660,"href":"https:\/\/www.50eme-reine-astrid.be\/cassiopee\/wp-json\/wp\/v2\/pages\/307\/revisions\/660"}],"wp:attachment":[{"href":"https:\/\/www.50eme-reine-astrid.be\/cassiopee\/wp-json\/wp\/v2\/media?parent=307"}],"curies":[{"name":"wp","href":"https:\/\/api.w.org\/{rel}","templated":true}]}}