{"id":1181,"date":"2019-08-15T21:56:59","date_gmt":"2019-08-15T20:56:59","guid":{"rendered":"http:\/\/www.50eme-reine-astrid.be\/cassiopee\/?page_id=1181"},"modified":"2025-11-11T16:22:00","modified_gmt":"2025-11-11T15:22:00","slug":"compagnie-2019-2020","status":"publish","type":"page","link":"https:\/\/www.50eme-reine-astrid.be\/cassiopee\/compagnie\/compagnie-2019-2020\/","title":{"rendered":"Compagnie 2019-2020"},"content":{"rendered":"\n<p>&nbsp;&nbsp;&nbsp;&nbsp;&nbsp;&nbsp;&nbsp;&nbsp;&nbsp;&nbsp;&nbsp;&nbsp;&nbsp;&nbsp;&nbsp;&nbsp;&nbsp;&nbsp;&nbsp;<\/p>\n\n\n\n<figure class=\"wp-block-table\"><table><tbody><tr><td><strong>\u00c9L\u00c9PHANTS<\/strong><br><br><strong>Enhydra <em>Santa Maria <\/em>-CP<\/strong><br>Taguan <em>Koda <\/em>-SP <br><br>Ouandji <em>Salgado<\/em><br><br>Tulliana<br><br>Harfang<br>Spip<br><br>Amandine<br>Alicia <br>Abiga\u00ebl<br><br><\/td><td><strong>PERROQUETS<\/strong><br><br><strong>Dik-Dik <em>Cirque du Soleil<\/em><\/strong><em> <\/em><strong>-CP<\/strong><br>Chousingha <em> Hidden figures <\/em>-SP<br>Akita <em>Newt Scamander<\/em><br><br>Acanthiza <em>Kalymnos<\/em><br>Yearling <em>les Aristochats<\/em><br><br>Eyra<br><br>Caberu<br>Fanaloka<br><br>Pauline <br>Alva<\/td><\/tr><tr><td><strong>CERFS<\/strong><br><br><strong>Sambar <em>Weasley twins<\/em><\/strong> &#8211; <strong>CP<\/strong> <br>Ocelot <em>Eywa<\/em> &#8211; SP\u00a0 <br>Mathilde<br><br>Barasingha <em>Admiral&rsquo;s Cup<\/em>   <br>  <br>Husky<br>Hermine<br><br>Eurasian<br><br>Elo\u00efse<br>Ayla<br>Diane<\/td><td><strong>KANGOUROUS<\/strong><br><br><strong>Zibeline <em>Iguazu<\/em> <\/strong>&#8211; <strong>CP<\/strong> <br>Chaoui <em>Samaipata<\/em> &#8211; SP <br><br>Chikaree <em>Like a Phoenix<\/em> <br><br>Dibatag<br>Gal\u00e9a <br>Faon <br><br>Cicognia<br>El\u00e9onore<br><br>Clothilde<br>Rosalie<\/td><\/tr><\/tbody><\/table><\/figure>\n\n\n\n<p>                                                                                          <\/p>\n","protected":false},"excerpt":{"rendered":"<p>&nbsp;&nbsp;&nbsp;&nbsp;&nbsp;&nbsp;&nbsp;&nbsp;&nbsp;&nbsp;&nbsp;&nbsp;&nbsp;&nbsp;&nbsp;&nbsp;&nbsp;&nbsp;&nbsp; \u00c9L\u00c9PHANTS Enhydra Santa Maria -CPTaguan Koda -SP Ouandji Salgado Tulliana HarfangSpip AmandineAlicia Abiga\u00ebl PERROQUETS Dik-Dik Cirque du Soleil -CPChousingha Hidden figures -SPAkita Newt Scamander Acanthiza KalymnosYearling les Aristochats Eyra CaberuFanaloka Pauline Alva CERFS Sambar Weasley twins &#8211; CP Ocelot Eywa &#8211; SP\u00a0 Mathilde Barasingha Admiral&rsquo;s Cup HuskyHermine Eurasian Elo\u00efseAylaDiane KANGOUROUS Zibeline Iguazu &#8211; CP &hellip; <\/p>\n","protected":false},"author":2,"featured_media":0,"parent":344,"menu_order":4,"comment_status":"open","ping_status":"closed","template":"","meta":{"_exactmetrics_skip_tracking":false,"_exactmetrics_sitenote_active":false,"_exactmetrics_sitenote_note":"","_exactmetrics_sitenote_category":0,"footnotes":""},"class_list":["post-1181","page","type-page","status-publish","hentry"],"_links":{"self":[{"href":"https:\/\/www.50eme-reine-astrid.be\/cassiopee\/wp-json\/wp\/v2\/pages\/1181","targetHints":{"allow":["GET"]}}],"collection":[{"href":"https:\/\/www.50eme-reine-astrid.be\/cassiopee\/wp-json\/wp\/v2\/pages"}],"about":[{"href":"https:\/\/www.50eme-reine-astrid.be\/cassiopee\/wp-json\/wp\/v2\/types\/page"}],"author":[{"embeddable":true,"href":"https:\/\/www.50eme-reine-astrid.be\/cassiopee\/wp-json\/wp\/v2\/users\/2"}],"replies":[{"embeddable":true,"href":"https:\/\/www.50eme-reine-astrid.be\/cassiopee\/wp-json\/wp\/v2\/comments?post=1181"}],"version-history":[{"count":12,"href":"https:\/\/www.50eme-reine-astrid.be\/cassiopee\/wp-json\/wp\/v2\/pages\/1181\/revisions"}],"predecessor-version":[{"id":1267,"href":"https:\/\/www.50eme-reine-astrid.be\/cassiopee\/wp-json\/wp\/v2\/pages\/1181\/revisions\/1267"}],"up":[{"embeddable":true,"href":"https:\/\/www.50eme-reine-astrid.be\/cassiopee\/wp-json\/wp\/v2\/pages\/344"}],"wp:attachment":[{"href":"https:\/\/www.50eme-reine-astrid.be\/cassiopee\/wp-json\/wp\/v2\/media?parent=1181"}],"curies":[{"name":"wp","href":"https:\/\/api.w.org\/{rel}","templated":true}]}}